{"id":8,"date":"2023-10-09T11:05:19","date_gmt":"2023-10-09T09:05:19","guid":{"rendered":"https:\/\/server874484.nazwa.pl\/wordpress\/wpn_zbychewka\/?page_id=8"},"modified":"2023-10-12T13:31:12","modified_gmt":"2023-10-12T11:31:12","slug":"wydarzenia","status":"publish","type":"page","link":"https:\/\/zbychewka.pl\/?page_id=8","title":{"rendered":"Wydarzenia"},"content":{"rendered":"<div  class=\"wp-block-ultimate-post-post-list-4 ultp-block-e5558d\"><div class=\"ultp-block-wrapper\"><div class=\"ultp-loading\"><div class=\"ultp-loading-blocks\" style=\"width:100%;height:100%;\"><div style=\"left: 0;top: 0;animation-delay:0s;\"><\/div><div style=\"left: 21px;top: 0;animation-delay:0.125s;\"><\/div><div style=\"left: 42px;top: 0;animation-delay:0.25s;\"><\/div><div style=\"left: 0;top: 21px;animation-delay:0.875s;\"><\/div><div style=\"left: 42px;top: 21px;animation-delay:0.375s;\"><\/div><div style=\"left: 0;top: 42px;animation-delay:0.75s;\"><\/div><div style=\"left: 42px;top: 42px;animation-delay:0.625s;\"><\/div><div style=\"left: 21px;top: 42px;animation-delay:0.5s;\"><\/div><\/div><\/div><div class=\"ultp-heading-filter\"><div class=\"ultp-heading-filter-in\"><div class=\"ultp-heading-wrap ultp-heading-style9 ultp-heading-left\"><h1 class=\"ultp-heading-inner\"><span>Najnowsze Wydarzenia<\/span><\/h1><\/div><div class=\"ultp-filter-navigation\"><\/div><\/div><\/div><div class=\"ultp-block-items-wrap ultp-block-content-middle ultp-layout1\"><div class=\"ultp-block-item ultp-block-media post-id-820\"><div class=\"ultp-block-content-wrap ultp-first-postlist-2\"><div class=\"ultp-block-image ultp-block-image-opacity\"><a href=\"https:\/\/zbychewka.pl\/?p=820\" ><img decoding=\"async\"  src=\"https:\/\/zbychewka.pl\/wp-content\/plugins\/ultimate-post\/assets\/img\/ultp-fallback-img.png\" alt=\"dummy-img\" \/><\/a><\/div><div class=\"ultp-block-content\"><h1 class=\"ultp-block-title \"><a href=\"https:\/\/zbychewka.pl\/?p=820\" >Zbychewka: Ma\u0142a Wie\u015b z Wielkim Potencja\u0142em \u2013 Odkrywamy Lokalne Skarby<\/a><\/h1><div class=\"ultp-block-meta ultp-block-meta- ultp-block-meta-icon\"><span class=\"ultp-block-date\"><svg xmlns=\"http:\/\/www.w3.org\/2000\/svg\" viewBox=\"0 0 18 19\"><path d=\"M4.60069444,4.09375 L3.25,4.09375 C2.47334957,4.09375 1.84375,4.72334957 1.84375,5.5 L1.84375,7.26736111 L16.15625,7.26736111 L16.15625,5.5 C16.15625,4.72334957 15.5266504,4.09375 14.75,4.09375 L13.3993056,4.09375 L13.3993056,4.55555556 C13.3993056,5.02154581 13.0215458,5.39930556 12.5555556,5.39930556 C12.0895653,5.39930556 11.7118056,5.02154581 11.7118056,4.55555556 L11.7118056,4.09375 L6.28819444,4.09375 L6.28819444,4.55555556 C6.28819444,5.02154581 5.9104347,5.39930556 5.44444444,5.39930556 C4.97845419,5.39930556 4.60069444,5.02154581 4.60069444,4.55555556 L4.60069444,4.09375 Z M6.28819444,2.40625 L11.7118056,2.40625 L11.7118056,1 C11.7118056,0.534009742 12.0895653,0.15625 12.5555556,0.15625 C13.0215458,0.15625 13.3993056,0.534009742 13.3993056,1 L13.3993056,2.40625 L14.75,2.40625 C16.4586309,2.40625 17.84375,3.79136906 17.84375,5.5 L17.84375,15.875 C17.84375,17.5836309 16.4586309,18.96875 14.75,18.96875 L3.25,18.96875 C1.54136906,18.96875 0.15625,17.5836309 0.15625,15.875 L0.15625,5.5 C0.15625,3.79136906 1.54136906,2.40625 3.25,2.40625 L4.60069444,2.40625 L4.60069444,1 C4.60069444,0.534009742 4.97845419,0.15625 5.44444444,0.15625 C5.9104347,0.15625 6.28819444,0.534009742 6.28819444,1 L6.28819444,2.40625 Z M1.84375,8.95486111 L1.84375,15.875 C1.84375,16.6516504 2.47334957,17.28125 3.25,17.28125 L14.75,17.28125 C15.5266504,17.28125 16.15625,16.6516504 16.15625,15.875 L16.15625,8.95486111 L1.84375,8.95486111 Z\"\/><\/svg>pa\u017a 11, 2025<\/span><\/div><div class=\"ultp-block-excerpt\"><p>Zbychewka: Ma\u0142a Wie\u015b z Wielkim Potencja\u0142em \u2013 Odkrywamy Lokalne Skarby Zbychewka, malownicza wie\u015b po\u0142o\u017cona w&hellip;<\/p>\n<\/div><div class=\"ultp-block-readmore\"><a aria-label=\"Zbychewka: Ma\u0142a Wie\u015b z Wielkim Potencja\u0142em \u2013 Odkrywamy Lokalne Skarby\" href=\"https:\/\/zbychewka.pl\/?p=820\" >Czytaj wiecej<svg xmlns=\"http:\/\/www.w3.org\/2000\/svg\" viewBox=\"0 0 49.16 37.25\"><path stroke=\"rgba(0,0,0,0)\" stroke-miterlimit=\"10\" d=\"M28.1 36.154a2.048 2.048 0 0 1 0-2.9l12.5-12.5H2.55a2.05 2.05 0 1 1 0-4.1H40.6l-12.5-12.5a2.05 2.05 0 1 1 2.9-2.9l17.45 17.448L31 36.154a2.047 2.047 0 0 1-2.9 0Z\"\/><\/svg><\/a><\/div><\/div><\/div><\/div><div class=\"ultp-block-item ultp-block-media post-id-809\"><div class=\"ultp-block-content-wrap ultp-all-postlist-2\"><div class=\"ultp-block-image ultp-block-image-opacity\"><a href=\"https:\/\/zbychewka.pl\/?p=809\" ><img decoding=\"async\"  src=\"https:\/\/zbychewka.pl\/wp-content\/plugins\/ultimate-post\/assets\/img\/ultp-fallback-img.png\" alt=\"dummy-img\" \/><\/a><\/div><div class=\"ultp-block-content\"><h1 class=\"ultp-block-title \"><a href=\"https:\/\/zbychewka.pl\/?p=809\" >Zbychewka: Ma\u0142a Wie\u015b z Wielkim Sercem w Sercu Polski<\/a><\/h1><div class=\"ultp-block-meta ultp-block-meta- ultp-block-meta-icon\"><span class=\"ultp-block-date\"><svg xmlns=\"http:\/\/www.w3.org\/2000\/svg\" viewBox=\"0 0 18 19\"><path d=\"M4.60069444,4.09375 L3.25,4.09375 C2.47334957,4.09375 1.84375,4.72334957 1.84375,5.5 L1.84375,7.26736111 L16.15625,7.26736111 L16.15625,5.5 C16.15625,4.72334957 15.5266504,4.09375 14.75,4.09375 L13.3993056,4.09375 L13.3993056,4.55555556 C13.3993056,5.02154581 13.0215458,5.39930556 12.5555556,5.39930556 C12.0895653,5.39930556 11.7118056,5.02154581 11.7118056,4.55555556 L11.7118056,4.09375 L6.28819444,4.09375 L6.28819444,4.55555556 C6.28819444,5.02154581 5.9104347,5.39930556 5.44444444,5.39930556 C4.97845419,5.39930556 4.60069444,5.02154581 4.60069444,4.55555556 L4.60069444,4.09375 Z M6.28819444,2.40625 L11.7118056,2.40625 L11.7118056,1 C11.7118056,0.534009742 12.0895653,0.15625 12.5555556,0.15625 C13.0215458,0.15625 13.3993056,0.534009742 13.3993056,1 L13.3993056,2.40625 L14.75,2.40625 C16.4586309,2.40625 17.84375,3.79136906 17.84375,5.5 L17.84375,15.875 C17.84375,17.5836309 16.4586309,18.96875 14.75,18.96875 L3.25,18.96875 C1.54136906,18.96875 0.15625,17.5836309 0.15625,15.875 L0.15625,5.5 C0.15625,3.79136906 1.54136906,2.40625 3.25,2.40625 L4.60069444,2.40625 L4.60069444,1 C4.60069444,0.534009742 4.97845419,0.15625 5.44444444,0.15625 C5.9104347,0.15625 6.28819444,0.534009742 6.28819444,1 L6.28819444,2.40625 Z M1.84375,8.95486111 L1.84375,15.875 C1.84375,16.6516504 2.47334957,17.28125 3.25,17.28125 L14.75,17.28125 C15.5266504,17.28125 16.15625,16.6516504 16.15625,15.875 L16.15625,8.95486111 L1.84375,8.95486111 Z\"\/><\/svg>lip 30, 2025<\/span><\/div><div class=\"ultp-block-excerpt\"><p>Zbychewka: Ma\u0142a Wie\u015b z Wielkim Sercem w Sercu Polski Zbychewka, urokliwa wie\u015b po\u0142o\u017cona w malowniczym&hellip;<\/p>\n<\/div><div class=\"ultp-block-readmore\"><a aria-label=\"Zbychewka: Ma\u0142a Wie\u015b z Wielkim Sercem w Sercu Polski\" href=\"https:\/\/zbychewka.pl\/?p=809\" >Czytaj wiecej<svg xmlns=\"http:\/\/www.w3.org\/2000\/svg\" viewBox=\"0 0 49.16 37.25\"><path stroke=\"rgba(0,0,0,0)\" stroke-miterlimit=\"10\" d=\"M28.1 36.154a2.048 2.048 0 0 1 0-2.9l12.5-12.5H2.55a2.05 2.05 0 1 1 0-4.1H40.6l-12.5-12.5a2.05 2.05 0 1 1 2.9-2.9l17.45 17.448L31 36.154a2.047 2.047 0 0 1-2.9 0Z\"\/><\/svg><\/a><\/div><\/div><\/div><\/div><div class=\"ultp-block-item ultp-block-media post-id-793\"><div class=\"ultp-block-content-wrap ultp-all-postlist-2\"><div class=\"ultp-block-image ultp-block-image-opacity\"><a href=\"https:\/\/zbychewka.pl\/?p=793\" ><img decoding=\"async\"  src=\"https:\/\/zbychewka.pl\/wp-content\/plugins\/ultimate-post\/assets\/img\/ultp-fallback-img.png\" alt=\"dummy-img\" \/><\/a><\/div><div class=\"ultp-block-content\"><h1 class=\"ultp-block-title \"><a href=\"https:\/\/zbychewka.pl\/?p=793\" >\u017bycie jest podr\u00f3\u017c\u0105: Odkrywanie nieznanych \u015bcie\u017cek i rado\u015b\u0107 z drobnych rzeczy<\/a><\/h1><div class=\"ultp-block-meta ultp-block-meta- ultp-block-meta-icon\"><span class=\"ultp-block-date\"><svg xmlns=\"http:\/\/www.w3.org\/2000\/svg\" viewBox=\"0 0 18 19\"><path d=\"M4.60069444,4.09375 L3.25,4.09375 C2.47334957,4.09375 1.84375,4.72334957 1.84375,5.5 L1.84375,7.26736111 L16.15625,7.26736111 L16.15625,5.5 C16.15625,4.72334957 15.5266504,4.09375 14.75,4.09375 L13.3993056,4.09375 L13.3993056,4.55555556 C13.3993056,5.02154581 13.0215458,5.39930556 12.5555556,5.39930556 C12.0895653,5.39930556 11.7118056,5.02154581 11.7118056,4.55555556 L11.7118056,4.09375 L6.28819444,4.09375 L6.28819444,4.55555556 C6.28819444,5.02154581 5.9104347,5.39930556 5.44444444,5.39930556 C4.97845419,5.39930556 4.60069444,5.02154581 4.60069444,4.55555556 L4.60069444,4.09375 Z M6.28819444,2.40625 L11.7118056,2.40625 L11.7118056,1 C11.7118056,0.534009742 12.0895653,0.15625 12.5555556,0.15625 C13.0215458,0.15625 13.3993056,0.534009742 13.3993056,1 L13.3993056,2.40625 L14.75,2.40625 C16.4586309,2.40625 17.84375,3.79136906 17.84375,5.5 L17.84375,15.875 C17.84375,17.5836309 16.4586309,18.96875 14.75,18.96875 L3.25,18.96875 C1.54136906,18.96875 0.15625,17.5836309 0.15625,15.875 L0.15625,5.5 C0.15625,3.79136906 1.54136906,2.40625 3.25,2.40625 L4.60069444,2.40625 L4.60069444,1 C4.60069444,0.534009742 4.97845419,0.15625 5.44444444,0.15625 C5.9104347,0.15625 6.28819444,0.534009742 6.28819444,1 L6.28819444,2.40625 Z M1.84375,8.95486111 L1.84375,15.875 C1.84375,16.6516504 2.47334957,17.28125 3.25,17.28125 L14.75,17.28125 C15.5266504,17.28125 16.15625,16.6516504 16.15625,15.875 L16.15625,8.95486111 L1.84375,8.95486111 Z\"\/><\/svg>lip 30, 2025<\/span><\/div><div class=\"ultp-block-excerpt\"><p>\u017bycie jest podr\u00f3\u017c\u0105: Odkrywanie nieznanych \u015bcie\u017cek i rado\u015b\u0107 z drobnych rzeczy \u017bycie, jak cz\u0119sto mawiamy,&hellip;<\/p>\n<\/div><div class=\"ultp-block-readmore\"><a aria-label=\"\u017bycie jest podr\u00f3\u017c\u0105: Odkrywanie nieznanych \u015bcie\u017cek i rado\u015b\u0107 z drobnych rzeczy\" href=\"https:\/\/zbychewka.pl\/?p=793\" >Czytaj wiecej<svg xmlns=\"http:\/\/www.w3.org\/2000\/svg\" viewBox=\"0 0 49.16 37.25\"><path stroke=\"rgba(0,0,0,0)\" stroke-miterlimit=\"10\" d=\"M28.1 36.154a2.048 2.048 0 0 1 0-2.9l12.5-12.5H2.55a2.05 2.05 0 1 1 0-4.1H40.6l-12.5-12.5a2.05 2.05 0 1 1 2.9-2.9l17.45 17.448L31 36.154a2.047 2.047 0 0 1-2.9 0Z\"\/><\/svg><\/a><\/div><\/div><\/div><\/div><div class=\"ultp-block-item ultp-block-media post-id-822\"><div class=\"ultp-block-content-wrap ultp-all-postlist-2\"><div class=\"ultp-block-image ultp-block-image-opacity\"><a href=\"https:\/\/zbychewka.pl\/?p=822\" ><img decoding=\"async\"  src=\"https:\/\/zbychewka.pl\/wp-content\/plugins\/ultimate-post\/assets\/img\/ultp-fallback-img.png\" alt=\"dummy-img\" \/><\/a><\/div><div class=\"ultp-block-content\"><h1 class=\"ultp-block-title \"><a href=\"https:\/\/zbychewka.pl\/?p=822\" >Zbychewka: Ma\u0142a Wie\u015b z Wielk\u0105 Histori\u0105 i Potencja\u0142em<\/a><\/h1><div class=\"ultp-block-meta ultp-block-meta- ultp-block-meta-icon\"><span class=\"ultp-block-date\"><svg xmlns=\"http:\/\/www.w3.org\/2000\/svg\" viewBox=\"0 0 18 19\"><path d=\"M4.60069444,4.09375 L3.25,4.09375 C2.47334957,4.09375 1.84375,4.72334957 1.84375,5.5 L1.84375,7.26736111 L16.15625,7.26736111 L16.15625,5.5 C16.15625,4.72334957 15.5266504,4.09375 14.75,4.09375 L13.3993056,4.09375 L13.3993056,4.55555556 C13.3993056,5.02154581 13.0215458,5.39930556 12.5555556,5.39930556 C12.0895653,5.39930556 11.7118056,5.02154581 11.7118056,4.55555556 L11.7118056,4.09375 L6.28819444,4.09375 L6.28819444,4.55555556 C6.28819444,5.02154581 5.9104347,5.39930556 5.44444444,5.39930556 C4.97845419,5.39930556 4.60069444,5.02154581 4.60069444,4.55555556 L4.60069444,4.09375 Z M6.28819444,2.40625 L11.7118056,2.40625 L11.7118056,1 C11.7118056,0.534009742 12.0895653,0.15625 12.5555556,0.15625 C13.0215458,0.15625 13.3993056,0.534009742 13.3993056,1 L13.3993056,2.40625 L14.75,2.40625 C16.4586309,2.40625 17.84375,3.79136906 17.84375,5.5 L17.84375,15.875 C17.84375,17.5836309 16.4586309,18.96875 14.75,18.96875 L3.25,18.96875 C1.54136906,18.96875 0.15625,17.5836309 0.15625,15.875 L0.15625,5.5 C0.15625,3.79136906 1.54136906,2.40625 3.25,2.40625 L4.60069444,2.40625 L4.60069444,1 C4.60069444,0.534009742 4.97845419,0.15625 5.44444444,0.15625 C5.9104347,0.15625 6.28819444,0.534009742 6.28819444,1 L6.28819444,2.40625 Z M1.84375,8.95486111 L1.84375,15.875 C1.84375,16.6516504 2.47334957,17.28125 3.25,17.28125 L14.75,17.28125 C15.5266504,17.28125 16.15625,16.6516504 16.15625,15.875 L16.15625,8.95486111 L1.84375,8.95486111 Z\"\/><\/svg>maj 30, 2025<\/span><\/div><div class=\"ultp-block-excerpt\"><p>Zbychewka: Ma\u0142a Wie\u015b z Wielk\u0105 Histori\u0105 i Potencja\u0142em Zbychewka, niewielka miejscowo\u015b\u0107 po\u0142o\u017cona w sercu Polski,&hellip;<\/p>\n<\/div><div class=\"ultp-block-readmore\"><a aria-label=\"Zbychewka: Ma\u0142a Wie\u015b z Wielk\u0105 Histori\u0105 i Potencja\u0142em\" href=\"https:\/\/zbychewka.pl\/?p=822\" >Czytaj wiecej<svg xmlns=\"http:\/\/www.w3.org\/2000\/svg\" viewBox=\"0 0 49.16 37.25\"><path stroke=\"rgba(0,0,0,0)\" stroke-miterlimit=\"10\" d=\"M28.1 36.154a2.048 2.048 0 0 1 0-2.9l12.5-12.5H2.55a2.05 2.05 0 1 1 0-4.1H40.6l-12.5-12.5a2.05 2.05 0 1 1 2.9-2.9l17.45 17.448L31 36.154a2.047 2.047 0 0 1-2.9 0Z\"\/><\/svg><\/a><\/div><\/div><\/div><\/div><div class=\"ultp-block-item ultp-block-media post-id-818\"><div class=\"ultp-block-content-wrap ultp-all-postlist-2\"><div class=\"ultp-block-image ultp-block-image-opacity\"><a href=\"https:\/\/zbychewka.pl\/?p=818\" ><img decoding=\"async\"  src=\"https:\/\/zbychewka.pl\/wp-content\/plugins\/ultimate-post\/assets\/img\/ultp-fallback-img.png\" alt=\"dummy-img\" \/><\/a><\/div><div class=\"ultp-block-content\"><h1 class=\"ultp-block-title \"><a href=\"https:\/\/zbychewka.pl\/?p=818\" >Zbychewka: Ma\u0142a Wie\u015b z Wielkim Potencja\u0142em<\/a><\/h1><div class=\"ultp-block-meta ultp-block-meta- ultp-block-meta-icon\"><span class=\"ultp-block-date\"><svg xmlns=\"http:\/\/www.w3.org\/2000\/svg\" viewBox=\"0 0 18 19\"><path d=\"M4.60069444,4.09375 L3.25,4.09375 C2.47334957,4.09375 1.84375,4.72334957 1.84375,5.5 L1.84375,7.26736111 L16.15625,7.26736111 L16.15625,5.5 C16.15625,4.72334957 15.5266504,4.09375 14.75,4.09375 L13.3993056,4.09375 L13.3993056,4.55555556 C13.3993056,5.02154581 13.0215458,5.39930556 12.5555556,5.39930556 C12.0895653,5.39930556 11.7118056,5.02154581 11.7118056,4.55555556 L11.7118056,4.09375 L6.28819444,4.09375 L6.28819444,4.55555556 C6.28819444,5.02154581 5.9104347,5.39930556 5.44444444,5.39930556 C4.97845419,5.39930556 4.60069444,5.02154581 4.60069444,4.55555556 L4.60069444,4.09375 Z M6.28819444,2.40625 L11.7118056,2.40625 L11.7118056,1 C11.7118056,0.534009742 12.0895653,0.15625 12.5555556,0.15625 C13.0215458,0.15625 13.3993056,0.534009742 13.3993056,1 L13.3993056,2.40625 L14.75,2.40625 C16.4586309,2.40625 17.84375,3.79136906 17.84375,5.5 L17.84375,15.875 C17.84375,17.5836309 16.4586309,18.96875 14.75,18.96875 L3.25,18.96875 C1.54136906,18.96875 0.15625,17.5836309 0.15625,15.875 L0.15625,5.5 C0.15625,3.79136906 1.54136906,2.40625 3.25,2.40625 L4.60069444,2.40625 L4.60069444,1 C4.60069444,0.534009742 4.97845419,0.15625 5.44444444,0.15625 C5.9104347,0.15625 6.28819444,0.534009742 6.28819444,1 L6.28819444,2.40625 Z M1.84375,8.95486111 L1.84375,15.875 C1.84375,16.6516504 2.47334957,17.28125 3.25,17.28125 L14.75,17.28125 C15.5266504,17.28125 16.15625,16.6516504 16.15625,15.875 L16.15625,8.95486111 L1.84375,8.95486111 Z\"\/><\/svg>maj 26, 2025<\/span><\/div><div class=\"ultp-block-excerpt\"><p>Zbychewka: Ma\u0142a Wie\u015b z Wielkim Potencja\u0142em Zbychewka, malownicza wie\u015b po\u0142o\u017cona w sercu Polski, to miejsce,&hellip;<\/p>\n<\/div><div class=\"ultp-block-readmore\"><a aria-label=\"Zbychewka: Ma\u0142a Wie\u015b z Wielkim Potencja\u0142em\" href=\"https:\/\/zbychewka.pl\/?p=818\" >Czytaj wiecej<svg xmlns=\"http:\/\/www.w3.org\/2000\/svg\" viewBox=\"0 0 49.16 37.25\"><path stroke=\"rgba(0,0,0,0)\" stroke-miterlimit=\"10\" d=\"M28.1 36.154a2.048 2.048 0 0 1 0-2.9l12.5-12.5H2.55a2.05 2.05 0 1 1 0-4.1H40.6l-12.5-12.5a2.05 2.05 0 1 1 2.9-2.9l17.45 17.448L31 36.154a2.047 2.047 0 0 1-2.9 0Z\"\/><\/svg><\/a><\/div><\/div><\/div><\/div><\/div><div class=\"ultp-pagination-wrap ultp-pagination-ajax-action\" data-paged=\"1\" data-expost=\"\"  data-blockid=\"e5558d\" data-postid=\"8\" data-pages=\"4\" data-blockname=\"ultimate-post_post-list-4\" data-selfpostid=\"yes\"><ul class=\"ultp-pagination\"><li class=\"ultp-prev-page-numbers\" style=\"display:none\"><a href=\"https:\/\/zbychewka.pl\/index.php?rest_route=%2Fwp%2Fv2%2Fpages%2F8\"><svg enable-background=\"new 0 0 477.175 477.175\" version=\"1.1\" viewBox=\"0 0 477.18 477.18\"><path d=\"m145.19 238.58 215.5-215.5c5.3-5.3 5.3-13.8 0-19.1s-13.8-5.3-19.1 0l-225.1 225.1c-5.3 5.3-5.3 13.8 0 19.1l225.1 225c2.6 2.6 6.1 4 9.5 4s6.9-1.3 9.5-4c5.3-5.3 5.3-13.8 0-19.1l-215.4-215.5z\"><\/path><\/svg> Previous<\/a><\/li><li class=\"ultp-first-pages\" style=\"display:none\" data-current=\"1\"><a href=\"https:\/\/zbychewka.pl\/index.php?rest_route=%2Fwp%2Fv2%2Fpages%2F8\">1<\/a><\/li><li class=\"ultp-center-item pagination-active\" data-current=\"1\"><a href=\"https:\/\/zbychewka.pl\/index.php?rest_route=%2Fwp%2Fv2%2Fpages%2F8\">1<\/a><\/li><li class=\"ultp-center-item\" data-current=\"2\" ><a href=\"https:\/\/zbychewka.pl\/index.php?rest_route=%2Fwp%2Fv2%2Fpages%2F8&#038;paged=2\">2<\/a><\/li><li class=\"ultp-center-item\" data-current=\"3\" ><a href=\"https:\/\/zbychewka.pl\/index.php?rest_route=%2Fwp%2Fv2%2Fpages%2F8&#038;paged=3\">3<\/a><\/li><li class=\"ultp-last-pages\" data-current=\"4\"><a href=\"https:\/\/zbychewka.pl\/index.php?rest_route=%2Fwp%2Fv2%2Fpages%2F8&#038;paged=4\">4<\/a><\/li><li class=\"ultp-next-page-numbers\"><a href=\"https:\/\/zbychewka.pl\/index.php?rest_route=%2Fwp%2Fv2%2Fpages%2F8&#038;paged=2\">Next<svg enable-background=\"new 0 0 477.175 477.175\" version=\"1.1\" viewBox=\"0 0 477.18 477.18\"><path d=\"m360.73 229.08-225.1-225.1c-5.3-5.3-13.8-5.3-19.1 0s-5.3 13.8 0 19.1l215.5 215.5-215.5 215.5c-5.3 5.3-5.3 13.8 0 19.1 2.6 2.6 6.1 4 9.5 4s6.9-1.3 9.5-4l225.1-225.1c5.3-5.2 5.3-13.8 0.1-19z\"><\/path><\/svg><\/a><\/li><\/ul><\/div><\/div><\/div>","protected":false},"excerpt":{"rendered":"","protected":false},"author":3,"featured_media":0,"parent":0,"menu_order":0,"comment_status":"closed","ping_status":"closed","template":"","meta":{"ub_ctt_via":"","_uag_custom_page_level_css":"","footnotes":""},"class_list":["post-8","page","type-page","status-publish","hentry"],"featured_image_src":null,"uagb_featured_image_src":{"full":false,"thumbnail":false,"medium":false,"medium_large":false,"large":false,"1536x1536":false,"2048x2048":false,"ultp_layout_landscape_large":false,"ultp_layout_landscape":false,"ultp_layout_portrait":false,"ultp_layout_square":false,"hestia-blog":false},"uagb_author_info":{"display_name":"Ewa Ber","author_link":"https:\/\/zbychewka.pl\/?author=3"},"uagb_comment_info":0,"uagb_excerpt":null,"_links":{"self":[{"href":"https:\/\/zbychewka.pl\/index.php?rest_route=\/wp\/v2\/pages\/8","targetHints":{"allow":["GET"]}}],"collection":[{"href":"https:\/\/zbychewka.pl\/index.php?rest_route=\/wp\/v2\/pages"}],"about":[{"href":"https:\/\/zbychewka.pl\/index.php?rest_route=\/wp\/v2\/types\/page"}],"author":[{"embeddable":true,"href":"https:\/\/zbychewka.pl\/index.php?rest_route=\/wp\/v2\/users\/3"}],"replies":[{"embeddable":true,"href":"https:\/\/zbychewka.pl\/index.php?rest_route=%2Fwp%2Fv2%2Fcomments&post=8"}],"version-history":[{"count":39,"href":"https:\/\/zbychewka.pl\/index.php?rest_route=\/wp\/v2\/pages\/8\/revisions"}],"predecessor-version":[{"id":765,"href":"https:\/\/zbychewka.pl\/index.php?rest_route=\/wp\/v2\/pages\/8\/revisions\/765"}],"wp:attachment":[{"href":"https:\/\/zbychewka.pl\/index.php?rest_route=%2Fwp%2Fv2%2Fmedia&parent=8"}],"curies":[{"name":"wp","href":"https:\/\/api.w.org\/{rel}","templated":true}]}}