{"id":9,"date":"2023-10-09T11:05:41","date_gmt":"2023-10-09T09:05:41","guid":{"rendered":"https:\/\/server874484.nazwa.pl\/wordpress\/wpn_zbychewka\/?page_id=9"},"modified":"2023-11-02T12:39:28","modified_gmt":"2023-11-02T11:39:28","slug":"strona_glowna","status":"publish","type":"page","link":"https:\/\/zbychewka.pl\/","title":{"rendered":"Strona glowna"},"content":{"rendered":"\n<div class=\"wp-block-uagb-container uagb-block-ed8c117a alignfull uagb-is-root-container\"><div class=\"uagb-container-inner-blocks-wrap\">\n<div class=\"wp-block-uagb-container uagb-block-79291886\">\n<p class=\"has-text-align-center has-black-color has-text-color agl agl-fadeCSS agl-in-distance-1\" style=\"font-size:36px\">Nasza pracownia to miejsce z dusz\u0105, stworzone z pasji do ceramiki, sztuki i\u2026 kontaktu z drugim cz\u0142owiekiem. Tworzymy tu ceramiczne dzie\u0142a, organizujemy warsztaty, koncerty, spotkania. Zapraszamy do rozgoszczenia si\u0119 na naszej stronie. Czytajcie, ogl\u0105dajcie, a kiedy b\u0119dzie Wam ma\u0142o, przyjedzcie do Zbychewki.<\/p>\n<\/div>\n<\/div><\/div>\n\n\n<div class=\"wp-block-image is-style-default\">\n<figure class=\"aligncenter size-large\"><img decoding=\"async\" width=\"1024\" height=\"174\" src=\"http:\/\/zbychewka.pl\/wp-content\/uploads\/2023\/10\/wazony_Odzielacz_2-e1697097626109-1024x174.webp\" alt=\"\" class=\"wp-image-79\" srcset=\"https:\/\/zbychewka.pl\/wp-content\/uploads\/2023\/10\/wazony_Odzielacz_2-e1697097626109-1024x174.webp 1024w, https:\/\/zbychewka.pl\/wp-content\/uploads\/2023\/10\/wazony_Odzielacz_2-e1697097626109-300x51.webp 300w, https:\/\/zbychewka.pl\/wp-content\/uploads\/2023\/10\/wazony_Odzielacz_2-e1697097626109-768x131.webp 768w, https:\/\/zbychewka.pl\/wp-content\/uploads\/2023\/10\/wazony_Odzielacz_2-e1697097626109-1536x261.webp 1536w, https:\/\/zbychewka.pl\/wp-content\/uploads\/2023\/10\/wazony_Odzielacz_2-e1697097626109.webp 2000w\" sizes=\"(max-width: 1024px) 100vw, 1024px\" \/><\/figure><\/div>\n\n\n<div class=\"wp-block-uagb-container uagb-block-03f3f1ea default uagb-is-root-container\">\n<div class=\"wp-block-uagb-container uagb-block-1dcf2da1\"><div class=\"wp-block-image agl agl-fadeCSS\">\n<figure class=\"aligncenter size-full is-resized\"><img decoding=\"async\" width=\"512\" height=\"512\" src=\"http:\/\/zbychewka.pl\/wp-content\/uploads\/2023\/10\/jade.png\" alt=\"\" class=\"wp-image-366\" style=\"width:128px;height:128px\" srcset=\"https:\/\/zbychewka.pl\/wp-content\/uploads\/2023\/10\/jade.png 512w, https:\/\/zbychewka.pl\/wp-content\/uploads\/2023\/10\/jade-300x300.png 300w, https:\/\/zbychewka.pl\/wp-content\/uploads\/2023\/10\/jade-150x150.png 150w\" sizes=\"(max-width: 512px) 100vw, 512px\" \/><\/figure><\/div>\n\n\n<p class=\"has-text-align-center has-text-color agl agl-fadeCSS agl-in-distance-1\" style=\"color:#4e4e4e;font-size:25px\">Warsztaty ceramiczne<\/p>\n<\/div>\n\n\n\n<div class=\"wp-block-uagb-container uagb-block-a2969da7\"><div class=\"wp-block-image agl agl-fadeCSS\">\n<figure class=\"aligncenter size-full is-resized agl-zoomInCSS agl-in-easing-easeInSine agl-in-duration-350 agl-in-delay-1150 agl-in-distance-3.35\"><img decoding=\"async\" src=\"http:\/\/zbychewka.pl\/wp-content\/uploads\/2023\/10\/Wydarzenie_icon2_1.svg\" alt=\"\" class=\"wp-image-19\" style=\"width:136px;height:136px\"\/><\/figure><\/div>\n\n\n<p class=\"has-text-align-center has-text-color agl agl-fadeCSS agl-in-distance-1\" style=\"color:#4e4e4e;font-size:25px\">Wydarzenia<\/p>\n<\/div>\n\n\n\n<div class=\"wp-block-uagb-container uagb-block-d62e9889\"><div class=\"wp-block-image agl agl-fadeCSS\">\n<figure class=\"aligncenter size-full is-resized\"><img decoding=\"async\" src=\"http:\/\/zbychewka.pl\/wp-content\/uploads\/2023\/10\/children_icon3.svg\" alt=\"\" class=\"wp-image-21\" style=\"width:149px;height:149px\"\/><\/figure><\/div>\n\n\n<p class=\"has-text-align-center has-text-color agl agl-fadeCSS agl-in-distance-1\" style=\"color:#4e4e4e;font-size:25px\">Warsztaty dla dzieci i m\u0142odzie\u017cy<\/p>\n<\/div>\n<\/div>\n\n\n\n<div class=\"wp-block-buttons is-horizontal is-content-justification-center is-layout-flex wp-container-core-buttons-is-layout-499968f5 wp-block-buttons-is-layout-flex\">\n<div class=\"wp-block-button has-custom-font-size is-style-fill\" style=\"font-size:23px\"><a class=\"wp-block-button__link has-accent-background-color has-text-color has-background wp-element-button\" href=\"http:\/\/server874484.nazwa.pl\/wordpress\/wpn_zbychewka\/?page_id=368\" style=\"border-radius:50px;color:#dddddd\">Oferta<\/a><\/div>\n<\/div>\n\n\n\n<div class=\"wp-block-uagb-separator uagb-block-392aabe3\"><div class=\"wp-block-uagb-separator__inner\" style=\"--my-background-image:\"><\/div><\/div>\n\n\n<div  class=\"wp-block-ultimate-post-post-list-1 ultp-block-dc1f8f\"><div class=\"ultp-block-wrapper\"><div class=\"ultp-loading\"><div class=\"ultp-loading-blocks\" style=\"width:100%;height:100%;\"><div style=\"left: 0;top: 0;animation-delay:0s;\"><\/div><div style=\"left: 21px;top: 0;animation-delay:0.125s;\"><\/div><div style=\"left: 42px;top: 0;animation-delay:0.25s;\"><\/div><div style=\"left: 0;top: 21px;animation-delay:0.875s;\"><\/div><div style=\"left: 42px;top: 21px;animation-delay:0.375s;\"><\/div><div style=\"left: 0;top: 42px;animation-delay:0.75s;\"><\/div><div style=\"left: 42px;top: 42px;animation-delay:0.625s;\"><\/div><div style=\"left: 21px;top: 42px;animation-delay:0.5s;\"><\/div><\/div><\/div><div class=\"ultp-heading-filter\"><div class=\"ultp-heading-filter-in\"><div class=\"ultp-heading-wrap ultp-heading-style9 ultp-heading-center\"><h1 class=\"ultp-heading-inner\"><span>Zobacz co si\u0119 u nas dziej\u0119<\/span><\/h1><\/div><\/div><\/div><div class=\"ultp-block-items-wrap ultp-block-row ultp-block-column-1 ultp-pl1a-style1 ultp-post-list1-layout1\"><div class=\"ultp-block-item post-id-820\"><div class=\"ultp-block-content-wrap\"><div class=\"ultp-block-entry-content\"><div class=\"ultp-block-entry-heading\"><h1 class=\"ultp-block-title \"><a href=\"https:\/\/zbychewka.pl\/?p=820\" >Zbychewka: Ma\u0142a Wie\u015b z Wielkim Potencja\u0142em \u2013 Odkrywamy Lokalne Skarby<\/a><\/h1><div class=\"ultp-block-meta ultp-block-meta- ultp-block-meta-icon\"><span class=\"ultp-block-date\"><svg xmlns=\"http:\/\/www.w3.org\/2000\/svg\" viewBox=\"0 0 18 19\"><path d=\"M4.60069444,4.09375 L3.25,4.09375 C2.47334957,4.09375 1.84375,4.72334957 1.84375,5.5 L1.84375,7.26736111 L16.15625,7.26736111 L16.15625,5.5 C16.15625,4.72334957 15.5266504,4.09375 14.75,4.09375 L13.3993056,4.09375 L13.3993056,4.55555556 C13.3993056,5.02154581 13.0215458,5.39930556 12.5555556,5.39930556 C12.0895653,5.39930556 11.7118056,5.02154581 11.7118056,4.55555556 L11.7118056,4.09375 L6.28819444,4.09375 L6.28819444,4.55555556 C6.28819444,5.02154581 5.9104347,5.39930556 5.44444444,5.39930556 C4.97845419,5.39930556 4.60069444,5.02154581 4.60069444,4.55555556 L4.60069444,4.09375 Z M6.28819444,2.40625 L11.7118056,2.40625 L11.7118056,1 C11.7118056,0.534009742 12.0895653,0.15625 12.5555556,0.15625 C13.0215458,0.15625 13.3993056,0.534009742 13.3993056,1 L13.3993056,2.40625 L14.75,2.40625 C16.4586309,2.40625 17.84375,3.79136906 17.84375,5.5 L17.84375,15.875 C17.84375,17.5836309 16.4586309,18.96875 14.75,18.96875 L3.25,18.96875 C1.54136906,18.96875 0.15625,17.5836309 0.15625,15.875 L0.15625,5.5 C0.15625,3.79136906 1.54136906,2.40625 3.25,2.40625 L4.60069444,2.40625 L4.60069444,1 C4.60069444,0.534009742 4.97845419,0.15625 5.44444444,0.15625 C5.9104347,0.15625 6.28819444,0.534009742 6.28819444,1 L6.28819444,2.40625 Z M1.84375,8.95486111 L1.84375,15.875 C1.84375,16.6516504 2.47334957,17.28125 3.25,17.28125 L14.75,17.28125 C15.5266504,17.28125 16.15625,16.6516504 16.15625,15.875 L16.15625,8.95486111 L1.84375,8.95486111 Z\"\/><\/svg>pa\u017a 11, 2025<\/span><\/div><\/div><div class=\"ultp-block-image ultp-block-image-none\"><a href=\"https:\/\/zbychewka.pl\/?p=820\" ><img decoding=\"async\"  src=\"https:\/\/zbychewka.pl\/wp-content\/plugins\/ultimate-post\/assets\/img\/ultp-fallback-img.png\" alt=\"dummy-img\" \/><\/a><\/div><\/div><div class=\"ultp-block-content\"><div class=\"ultp-block-excerpt\"><p>Zbychewka: Ma\u0142a Wie\u015b z Wielkim Potencja\u0142em \u2013 Odkrywamy Lokalne Skarby Zbychewka, malownicza wie\u015b po\u0142o\u017cona w sercu Polski, to miejsce, kt\u00f3re urzeka swoj\u0105 spokojem i pi\u0119knem&hellip;<\/p>\n<\/div><\/div><\/div><\/div><\/div><\/div><\/div>\n\n\n<div class=\"wp-block-buttons is-content-justification-center is-layout-flex wp-container-core-buttons-is-layout-16018d1d wp-block-buttons-is-layout-flex\">\n<div class=\"wp-block-button has-custom-font-size\" style=\"font-size:23px\"><a class=\"wp-block-button__link has-accent-background-color has-text-color has-background wp-element-button\" href=\"http:\/\/zbychewka.pl\/?page_id=8\" style=\"color:#e3e3e3\">Wydarzenia<\/a><\/div>\n<\/div>\n","protected":false},"excerpt":{"rendered":"<p>Nasza pracownia to miejsce z dusz\u0105, stworzone z pasji do ceramiki, sztuki i\u2026 kontaktu z drugim cz\u0142owiekiem. Tworzymy tu ceramiczne dzie\u0142a, organizujemy warsztaty, koncerty, spotkania. Zapraszamy do rozgoszczenia si\u0119 na naszej stronie. Czytajcie, ogl\u0105dajcie, a kiedy b\u0119dzie Wam ma\u0142o, przyjedzcie do Zbychewki. Warsztaty ceramiczne Wydarzenia Warsztaty dla dzieci i m\u0142odzie\u017cy<\/p>\n","protected":false},"author":3,"featured_media":0,"parent":0,"menu_order":0,"comment_status":"closed","ping_status":"closed","template":"","meta":{"ub_ctt_via":"","_uag_custom_page_level_css":"","footnotes":""},"class_list":["post-9","page","type-page","status-publish","hentry"],"featured_image_src":null,"uagb_featured_image_src":{"full":false,"thumbnail":false,"medium":false,"medium_large":false,"large":false,"1536x1536":false,"2048x2048":false,"ultp_layout_landscape_large":false,"ultp_layout_landscape":false,"ultp_layout_portrait":false,"ultp_layout_square":false,"hestia-blog":false},"uagb_author_info":{"display_name":"Ewa Ber","author_link":"https:\/\/zbychewka.pl\/?author=3"},"uagb_comment_info":0,"uagb_excerpt":"Nasza pracownia to miejsce z dusz\u0105, stworzone z pasji do ceramiki, sztuki i\u2026 kontaktu z drugim cz\u0142owiekiem. Tworzymy tu ceramiczne dzie\u0142a, organizujemy warsztaty, koncerty, spotkania. Zapraszamy do rozgoszczenia si\u0119 na naszej stronie. Czytajcie, ogl\u0105dajcie, a kiedy b\u0119dzie Wam ma\u0142o, przyjedzcie do Zbychewki. Warsztaty ceramiczne Wydarzenia Warsztaty dla dzieci i m\u0142odzie\u017cy","_links":{"self":[{"href":"https:\/\/zbychewka.pl\/index.php?rest_route=\/wp\/v2\/pages\/9","targetHints":{"allow":["GET"]}}],"collection":[{"href":"https:\/\/zbychewka.pl\/index.php?rest_route=\/wp\/v2\/pages"}],"about":[{"href":"https:\/\/zbychewka.pl\/index.php?rest_route=\/wp\/v2\/types\/page"}],"author":[{"embeddable":true,"href":"https:\/\/zbychewka.pl\/index.php?rest_route=\/wp\/v2\/users\/3"}],"replies":[{"embeddable":true,"href":"https:\/\/zbychewka.pl\/index.php?rest_route=%2Fwp%2Fv2%2Fcomments&post=9"}],"version-history":[{"count":107,"href":"https:\/\/zbychewka.pl\/index.php?rest_route=\/wp\/v2\/pages\/9\/revisions"}],"predecessor-version":[{"id":736,"href":"https:\/\/zbychewka.pl\/index.php?rest_route=\/wp\/v2\/pages\/9\/revisions\/736"}],"wp:attachment":[{"href":"https:\/\/zbychewka.pl\/index.php?rest_route=%2Fwp%2Fv2%2Fmedia&parent=9"}],"curies":[{"name":"wp","href":"https:\/\/api.w.org\/{rel}","templated":true}]}}